{"id":18259,"date":"2021-09-24T15:33:20","date_gmt":"2021-09-24T12:33:20","guid":{"rendered":"https:\/\/docsandslides.com\/contact-us\/"},"modified":"2025-01-14T13:22:57","modified_gmt":"2025-01-14T10:22:57","slug":"contact-us","status":"publish","type":"page","link":"https:\/\/docsandslides.com\/es\/contact-us\/","title":{"rendered":"Cont\u00e1ctenos"},"content":{"rendered":"<p>correo electr\u00f3nico para ponerse en contacto con nosotros: marketing@docsandslides.com<\/p>\n<p>n\u00famero de tel\u00e9fono para llamarnos: +380632944585<\/p>\n","protected":false},"excerpt":{"rendered":"<p>correo electr\u00f3nico para ponerse en contacto con nosotros: marketing@docsandslides.com n\u00famero de tel\u00e9fono para llamarnos: +380632944585<\/p>\n","protected":false},"author":1,"featured_media":0,"parent":0,"menu_order":0,"comment_status":"closed","ping_status":"closed","template":"","meta":{"footnotes":""},"class_list":["post-18259","page","type-page","status-publish","hentry"],"acf":[],"yoast_head":"<!-- This site is optimized with the Yoast SEO plugin v26.2 - https:\/\/yoast.com\/wordpress\/plugins\/seo\/ -->\n<title>Cont\u00e1ctenos &#8211; Docs&amp;Slides<\/title>\n<meta name=\"description\" content=\"Cont\u00e1ctanos en Docs&amp;Slides. Estamos aqu\u00ed para responder tus preguntas y ayudarte con documentos y presentaciones profesionales.\" \/>\n<meta name=\"robots\" content=\"index, follow, max-snippet:-1, max-image-preview:large, max-video-preview:-1\" \/>\n<link rel=\"canonical\" href=\"https:\/\/docsandslides.com\/es\/wp-json\/wp\/v2\/pages\/18259\/\" \/>\n<meta property=\"og:locale\" content=\"es_ES\" \/>\n<meta property=\"og:type\" content=\"article\" \/>\n<meta property=\"og:title\" content=\"Cont\u00e1ctenos &#8211; Docs&amp;Slides\" \/>\n<meta property=\"og:description\" content=\"Cont\u00e1ctanos en Docs&amp;Slides. Estamos aqu\u00ed para responder tus preguntas y ayudarte con documentos y presentaciones profesionales.\" \/>\n<meta property=\"og:url\" content=\"https:\/\/docsandslides.com\/es\/contact-us\/\" \/>\n<meta property=\"og:site_name\" content=\"Docs&amp;Slides\" \/>\n<meta property=\"article:modified_time\" content=\"2025-01-14T10:22:57+00:00\" \/>\n<meta name=\"twitter:card\" content=\"summary_large_image\" \/>\n<!-- \/ Yoast SEO plugin. -->","yoast_head_json":{"title":"Cont\u00e1ctenos &#8211; Docs&amp;Slides","description":"Cont\u00e1ctanos en Docs&Slides. Estamos aqu\u00ed para responder tus preguntas y ayudarte con documentos y presentaciones profesionales.","robots":{"index":"index","follow":"follow","max-snippet":"max-snippet:-1","max-image-preview":"max-image-preview:large","max-video-preview":"max-video-preview:-1"},"canonical":"https:\/\/docsandslides.com\/es\/wp-json\/wp\/v2\/pages\/18259\/","og_locale":"es_ES","og_type":"article","og_title":"Cont\u00e1ctenos &#8211; Docs&amp;Slides","og_description":"Cont\u00e1ctanos en Docs&Slides. Estamos aqu\u00ed para responder tus preguntas y ayudarte con documentos y presentaciones profesionales.","og_url":"https:\/\/docsandslides.com\/es\/contact-us\/","og_site_name":"Docs&amp;Slides","article_modified_time":"2025-01-14T10:22:57+00:00","twitter_card":"summary_large_image","schema":{"@context":"https:\/\/schema.org","@graph":[{"@type":"WebPage","@id":"https:\/\/docsandslides.com\/es\/contact-us\/","url":"https:\/\/docsandslides.com\/es\/contact-us\/","name":"Cont\u00e1ctenos &#8211; Docs&amp;Slides","isPartOf":{"@id":"https:\/\/docsandslides.com\/es\/#website"},"datePublished":"2021-09-24T12:33:20+00:00","dateModified":"2025-01-14T10:22:57+00:00","description":"Cont\u00e1ctanos en Docs&Slides. Estamos aqu\u00ed para responder tus preguntas y ayudarte con documentos y presentaciones profesionales.","breadcrumb":{"@id":"https:\/\/docsandslides.com\/es\/contact-us\/#breadcrumb"},"inLanguage":"es","potentialAction":[{"@type":"ReadAction","target":["https:\/\/docsandslides.com\/es\/contact-us\/"]}]},{"@type":"BreadcrumbList","@id":"https:\/\/docsandslides.com\/es\/contact-us\/#breadcrumb","itemListElement":[{"@type":"ListItem","position":1,"name":"Home","item":"https:\/\/docsandslides.com\/es\/"},{"@type":"ListItem","position":2,"name":"Cont\u00e1ctenos"}]},{"@type":"WebSite","@id":"https:\/\/docsandslides.com\/es\/#website","url":"https:\/\/docsandslides.com\/es\/","name":"Docs&amp;Slides","description":"","potentialAction":[{"@type":"SearchAction","target":{"@type":"EntryPoint","urlTemplate":"https:\/\/docsandslides.com\/es\/?s={search_term_string}"},"query-input":{"@type":"PropertyValueSpecification","valueRequired":true,"valueName":"search_term_string"}}],"inLanguage":"es"}]}},"_links":{"self":[{"href":"https:\/\/docsandslides.com\/es\/wp-json\/wp\/v2\/pages\/18259","targetHints":{"allow":["GET"]}}],"collection":[{"href":"https:\/\/docsandslides.com\/es\/wp-json\/wp\/v2\/pages"}],"about":[{"href":"https:\/\/docsandslides.com\/es\/wp-json\/wp\/v2\/types\/page"}],"author":[{"embeddable":true,"href":"https:\/\/docsandslides.com\/es\/wp-json\/wp\/v2\/users\/1"}],"replies":[{"embeddable":true,"href":"https:\/\/docsandslides.com\/es\/wp-json\/wp\/v2\/comments?post=18259"}],"version-history":[{"count":1,"href":"https:\/\/docsandslides.com\/es\/wp-json\/wp\/v2\/pages\/18259\/revisions"}],"predecessor-version":[{"id":20086,"href":"https:\/\/docsandslides.com\/es\/wp-json\/wp\/v2\/pages\/18259\/revisions\/20086"}],"wp:attachment":[{"href":"https:\/\/docsandslides.com\/es\/wp-json\/wp\/v2\/media?parent=18259"}],"curies":[{"name":"wp","href":"https:\/\/api.w.org\/{rel}","templated":true}]}}