{"id":20084,"date":"2024-06-24T20:44:22","date_gmt":"2024-06-24T17:44:22","guid":{"rendered":"https:\/\/docsandslides.com\/?page_id=20084"},"modified":"2025-01-14T13:27:10","modified_gmt":"2025-01-14T10:27:10","slug":"politica-de-privacidad","status":"publish","type":"page","link":"https:\/\/docsandslides.com\/es\/politica-de-privacidad\/","title":{"rendered":"Pol\u00edtica de privacidad"},"content":{"rendered":"<p>Los siguientes puntos clave de la Pol\u00edtica de Privacidad s\u00f3lo se traen para su comodidad. Estos puntos clave no sustituyen a la Pol\u00edtica de Privacidad completa.<\/p>\n<p>docsandslides.com &#8211; POL\u00cdTICA DE PRIVACIDAD<\/p>\n<p>Introducci\u00f3n<\/p>\n<p>Bienvenido a \u00abdocsandslides.com\u00bb, una colecci\u00f3n en l\u00ednea gratuita de plantillas de Google Docs y Google Slides (el \u00abServicio\u00bb) que ofrece a empresas, dise\u00f1adores, etc. (una \u00abEmpresa\u00bb, etc.) plantillas gratuitas.<\/p>\n<p>El Servicio es propiedad y est\u00e1 operado por docsandslides.com (\u00abnosotros\u00bb, \u00abnuestro\u00bb, \u00abnos\u00bb, \u00abdocsandslides.com\u00bb).<\/p>\n<p>En docsandslides.com respetamos su privacidad. Esta Pol\u00edtica de Privacidad (la \u00abPol\u00edtica\u00bb) se refiere tanto a usted, el individuo que act\u00faa en nombre de la Empresa (el \u00abRepresentante\u00bb), como a la Empresa que le ha autorizado a entrar en un acuerdo con nosotros (el Representante y la Empresa ser\u00e1n referidos colectivamente como \u00abusted\u00bb o \u00absu\u00bb).<\/p>\n<p>Esta pol\u00edtica explica nuestras pr\u00e1cticas de privacidad para el Servicio, incluyendo las formas en que su informaci\u00f3n personal es recopilada y utilizada por nosotros.<\/p>\n<p>La informaci\u00f3n personal que proporcione (tal y como se describe a continuaci\u00f3n) depende de su voluntad y consentimiento. Usted no est\u00e1 legalmente obligado a proporcionar o dar acceso a esta informaci\u00f3n, pero nosotros la requerimos para permitirle utilizar el Servicio.<\/p>\n<p>Esta pol\u00edtica se incorpora por referencia a las Condiciones de Uso del Servicio (las \u00abCondiciones\u00bb) y constituye parte integrante de las mismas.<\/p>\n<p>Contenido. El contenido que usted publique en el Servicio (\u00abContenido\u00bb) puede contener, o ser indicativo de, su informaci\u00f3n personal, dependiendo de los detalles del Contenido. Dicho Contenido no se trata como privado o confidencial y usted no debe tener ninguna expectativa de privacidad con respecto a \u00e9l.<\/p>\n<p>Informaci\u00f3n sobre consultas. Para ponerse en contacto con nosotros por correo electr\u00f3nico, es posible que se le pida que nos proporcione informaci\u00f3n personal, como su nombre y contacto a trav\u00e9s de nuestro formulario en l\u00ednea. Debe proporcionar datos completos, precisos y correctos. Si no proporciona la informaci\u00f3n requerida, o proporciona informaci\u00f3n falsa, incorrecta o no actualizada, es posible que no podamos procesar su solicitud o consulta o ponernos en contacto con usted. Tambi\u00e9n podemos solicitarle informaci\u00f3n personal adicional para verificar su cuenta e identidad.<\/p>\n<p>Derechos del usuario<br \/>\nGarantizamos el ejercicio de los derechos establecidos en la LOPD.<\/p>\n<p>Podr\u00e1 ejercer los derechos descritos a continuaci\u00f3n de las siguientes formas: accediendo a la cuenta de Usuario a trav\u00e9s de este enlace, a trav\u00e9s del formulario de soporte disponible en el Sitio Web o envi\u00e1ndonos un correo electr\u00f3nico a marketing@docsandslides.com .<\/p>\n<p>Tenga en cuenta que docsandslides.com puede solicitarle que verifique su identidad antes de dar curso a la solicitud de ejercicio de derechos.<\/p>\n<p>Usted tiene los siguientes derechos<\/p>\n<p>Transparencia e informaci\u00f3n sobre c\u00f3mo procesamos sus datos personales (derecho a ser informado).<\/p>\n<p>Derecho que satisfacemos, por ejemplo, a trav\u00e9s de este texto legal.<br \/>\n&#8211; Derecho a solicitar una copia de la informaci\u00f3n que poseemos, que se le facilitar\u00e1 en el plazo de un mes (derecho de acceso).<br \/>\n&#8211; Derecho a actualizar o modificar la informaci\u00f3n que tenemos si es incorrecta o inexacta (derecho de rectificaci\u00f3n).<br \/>\n&#8211; Derecho a solicitar que dejemos de tratar sus datos mientras se resuelve una reclamaci\u00f3n, entre otros casos (derecho a la limitaci\u00f3n del tratamiento).<br \/>\n&#8211; Derecho a ser informado de los procedimientos de decisi\u00f3n automatizados, incluida la elaboraci\u00f3n de perfiles.<\/p>\n<p>Adem\u00e1s, cuando tratemos sus datos personales bas\u00e1ndonos en su consentimiento o en nuestra relaci\u00f3n contractual con usted:<\/p>\n<p>Derecho a solicitar que eliminemos los datos personales de nuestros registros (derecho de supresi\u00f3n u \u00abolvido\u00bb). Puede llevar a cabo esta solicitud en cualquier momento cerrando su cuenta, a trav\u00e9s de la secci\u00f3n de su perfil.<\/p>\n<p>Derecho a obtener y reutilizar datos personales para sus propios fines (derecho a la portabilidad de los datos).<br \/>\nDerecho a revocar en cualquier momento el consentimiento previamente otorgado para cualquiera de nuestros tratamientos de sus datos personales.<\/p>\n<p>O bien, cuando tratemos sus datos personales en base a nuestros leg\u00edtimos intereses corporativos:<\/p>\n<p>Derecho a oponerte al tratamiento de datos personales basado en nuestros intereses leg\u00edtimos alegando circunstancias basadas en tu situaci\u00f3n personal (derecho de oposici\u00f3n). Puedes oponerte a estos tratamientos relacionados con el env\u00edo de publicidad tanto en el formulario de registro, como a trav\u00e9s de tu propio perfil, desmarcando la casilla habilitada en el apartado \u00abNotificaciones\u00bb y a trav\u00e9s de cualquiera de las comunicaciones comerciales que te enviemos.<\/p>\n<p>Informaci\u00f3n que recogemos autom\u00e1ticamente<br \/>\nDatos anal\u00edticos. Recopilamos informaci\u00f3n sobre su uso del Servicio. Por ejemplo, podemos registrar la frecuencia y el alcance de su uso del Servicio, la duraci\u00f3n de sus sesiones, las interacciones y comunicaciones que realiza con la interfaz del Servicio y el contenido que visualiza mientras utiliza el Servicio.<\/p>\n<p>Informaci\u00f3n sobre dispositivos. Podemos recopilar informaci\u00f3n sobre su ordenador personal o dispositivo m\u00f3vil, incluyendo su modelo, sistema operativo, identificadores \u00fanicos del dispositivo, informaci\u00f3n de la red m\u00f3vil, la geolocalizaci\u00f3n de su dispositivo y la direcci\u00f3n de Protocolo de Internet (IP) a trav\u00e9s de la cual accedi\u00f3 al Servicio.<\/p>\n<p>Privacidad de los ni\u00f1os<\/p>\n<p>No recopilamos, consciente o intencionadamente, informaci\u00f3n personal de menores de 18 a\u00f1os. Si usted es menor de edad, no puede utilizar el Servicio ni proporcionarnos ning\u00fan dato personal.<\/p>\n<p>Uso de la informaci\u00f3n recogida<\/p>\n<p>Utilizamos la informaci\u00f3n personal que recogemos para los siguientes fines:<\/p>\n<p>Enviarle actualizaciones y anuncios administrativos, prestarle asistencia, tramitar reclamaciones y ponernos en contacto con usted cuando lo consideremos necesario, ya sea directamente o a trav\u00e9s de terceros en nuestro nombre, incluidos los mensajes de correo electr\u00f3nico;<\/p>\n<p>Hacer cumplir las Condiciones y la presente Pol\u00edtica e impedir actividades il\u00edcitas y usos indebidos del Servicio;<br \/>\nCumplir cualquier ley aplicable y ayudar a los organismos encargados de hacer cumplir la ley y a las autoridades competentes, cuando creamos de buena fe que nuestra cooperaci\u00f3n con ellos cumple las normas legales aplicables; y<br \/>\nTomar medidas en cualquier caso de disputa que le implique, con respecto al Servicio.<br \/>\nCompartir la informaci\u00f3n recopilada<\/p>\n<p>Compartimos la informaci\u00f3n personal descrita en esta Pol\u00edtica, con otros, en los siguientes casos:<\/p>\n<p>El contenido que usted decida compartir a trav\u00e9s del Servicio podr\u00e1 ser compartido con otros usuarios del Servicio, usuarios de redes sociales y usuarios de Internet en general, y podr\u00e1 ser visto por ellos.<\/p>\n<p>Si ha incumplido las Condiciones, ha abusado de sus derechos de uso del Servicio o ha infringido cualquier ley aplicable. Su informaci\u00f3n podr\u00e1 ser compartida con las autoridades competentes y con cualquier tercero, seg\u00fan sea necesario;<\/p>\n<p>Con terceros a los que consideremos que la ley nos obliga a revelar su informaci\u00f3n;<br \/>\nCon abogados, tribunales y terceros pertinentes, en cualquier caso de disputa, o procedimiento legal de cualquier tipo que le implique con respecto al Servicio;<br \/>\nSi la explotaci\u00f3n del Servicio se organiza en un marco diferente, o a trav\u00e9s de otra estructura jur\u00eddica o entidad (por ejemplo, debido a una fusi\u00f3n o adquisici\u00f3n), siempre que dichas entidades acepten regirse por las disposiciones de la presente Pol\u00edtica, teniendo en cuenta los cambios razonablemente necesarios; y<\/p>\n<p>Podremos compartir informaci\u00f3n personal con entidades de nuestro grupo empresarial (empresas que controlamos, nos controlan o est\u00e1n bajo control com\u00fan con nosotros, ya sea directa o indirectamente), pero el uso que hagan de dicha informaci\u00f3n deber\u00e1 ajustarse a la Pol\u00edtica.<\/p>\n<p>En cualquier otro caso distinto de los anteriores, su informaci\u00f3n personal s\u00f3lo se compartir\u00e1 con terceros si usted da su consentimiento previo expl\u00edcito.<\/p>\n<p>Conservaci\u00f3n y control de su informaci\u00f3n personal<\/p>\n<p>Conservaci\u00f3n de datos. Conservamos la informaci\u00f3n personal que recopilamos durante el tiempo que consideramos necesario para nuestras necesidades empresariales, y la eliminamos posteriormente de nuestros sistemas, sin previo aviso. Recuerde que el Servicio no proporciona servicios de copia de seguridad de los Datos de salida ni del Contenido.<\/p>\n<p>Acceso, actualizaci\u00f3n o eliminaci\u00f3n de su informaci\u00f3n personal. Si la ley le concede tales derechos, puede solicitar el acceso a la informaci\u00f3n personal sobre usted almacenada en nuestros sistemas. Tambi\u00e9n puede solicitar nuestra confirmaci\u00f3n de si procesamos o no datos personales que le conciernen.<\/p>\n<p>Con sujeci\u00f3n a las limitaciones legales, puede solicitar que actualicemos, corrijamos o suprimamos informaci\u00f3n inexacta u obsoleta, y que suspendamos el uso de datos personales cuya exactitud impugne mientras verificamos el estado de dichos datos.<\/p>\n<p>Con sujeci\u00f3n a la ley, tambi\u00e9n puede tener derecho a obtener de nosotros los datos personales que nos haya facilitado directamente (excluidos los datos que hayamos obtenido de otras fuentes) en un formato estructurado, de uso com\u00fan y lectura mec\u00e1nica, y puede tener derecho a transmitir esos datos a terceros.<\/p>\n<p>Si desea ejercer alguno de estos derechos, p\u00f3ngase en contacto con nosotros en: marketing@docsandslides.com .<\/p>\n<p>Al tramitar estas solicitudes, es posible que le pidamos informaci\u00f3n adicional para confirmar su identidad y su petici\u00f3n.<\/p>\n<p>Anonimizaci\u00f3n de datos<\/p>\n<p>En cualquier momento, podemos anonimizar (desidentificar) la informaci\u00f3n personal que hayamos recopilado. Podemos utilizar la informaci\u00f3n anonimizada de cualquier forma, incluso vendi\u00e9ndola o poni\u00e9ndola a disposici\u00f3n de terceros.<\/p>\n<p>Cookies<\/p>\n<p>Nosotros y nuestros proveedores externos de an\u00e1lisis de sitios web podemos utilizar cookies en el Servicio. Las cookies son paquetes de informaci\u00f3n que nuestros servidores env\u00edan a su navegador y que \u00e9ste devuelve cada vez que accede a nuestros servidores. Las cookies pueden contener informaci\u00f3n, como sus interacciones con las caracter\u00edsticas y funcionalidades del Servicio, la duraci\u00f3n de sus sesiones y sus direcciones IP. Utilizamos las cookies para recopilar informaci\u00f3n anal\u00edtica sobre su uso del Servicio.<\/p>\n<p>Las cookies se guardan en el disco duro de su ordenador. Si desea bloquear las cookies, puede hacerlo a trav\u00e9s de la configuraci\u00f3n de su navegador. Para m\u00e1s informaci\u00f3n, consulte el men\u00fa de ayuda de su navegador. NO OBSTANTE, TENGA EN CUENTA QUE DESACTIVAR LAS COOKIES PUEDE AFECTAR NEGATIVAMENTE A SU EXPERIENCIA DE USUARIO EN EL SERVICIO.<\/p>\n<p>Residentes en California<\/p>\n<p>La siguiente informaci\u00f3n se divulga de conformidad con la Ley de Privacidad en L\u00ednea de California (CA Civil Code \u00a7 22575): Cuando usted utiliza nuestro Servicio, otras partes, como Google, pueden recopilar informaci\u00f3n de identificaci\u00f3n personal sobre sus actividades a lo largo del tiempo y a trav\u00e9s de diferentes sitios web o servicios en l\u00ednea.<\/p>\n<p>Transferencia de datos fuera de su territorio<\/p>\n<p>Podemos almacenar y procesar informaci\u00f3n en varias ubicaciones de todo el mundo. Tambi\u00e9n podemos procesar informaci\u00f3n utilizando servicios en la nube. En determinados casos, la legislaci\u00f3n de algunos de estos pa\u00edses puede ofrecer un grado de protecci\u00f3n de datos inferior al de su propio pa\u00eds. Usted acepta la transferencia de su informaci\u00f3n a esos otros pa\u00edses a efectos del tratamiento descrito en la presente Pol\u00edtica, incluso a trav\u00e9s de servicios en la nube.<\/p>\n<p>Seguridad de la informaci\u00f3n<\/p>\n<p>Utilizamos medidas para reducir los riesgos de da\u00f1os, p\u00e9rdida de informaci\u00f3n y acceso o uso no autorizados de la informaci\u00f3n. Sin embargo, estas medidas no proporcionan una seguridad absoluta de la informaci\u00f3n. Por lo tanto, no est\u00e1 garantizado, y usted no puede esperar razonablemente que el Servicio y sus bases de datos relacionadas sean inmunes a cualquier acto il\u00edcito, mal funcionamiento, intercepci\u00f3n o acceso no autorizados, o cualquier otro tipo de abuso y uso indebido.<\/p>\n<p>Base jur\u00eddica para el tratamiento de sus datos.<\/p>\n<p>La base jur\u00eddica para recopilar la Informaci\u00f3n de registro, el Contenido, la Informaci\u00f3n de pago, los Datos de salida y la Informaci\u00f3n de consultas es su necesidad para el cumplimiento de un contrato entre usted y nosotros, y para proporcionarle comentarios o servicios en respuesta a las consultas que nos haga;<\/p>\n<p>La base jur\u00eddica para procesar y recopilar los Datos anal\u00edticos y la Informaci\u00f3n del dispositivo son nuestros intereses leg\u00edtimos en el funcionamiento de nuestro Servicio, la gesti\u00f3n continua de nuestro negocio y el desarrollo empresarial;<\/p>\n<p>Es posible que se produzcan otros procesamientos y retenciones de datos basados en requisitos legales.<br \/>\nDerechos de la UE. Usted tiene los siguientes derechos en virtud del GDPR:<\/p>\n<p>Derecho de acceso. Tiene derecho a acceder a sus datos personales que procesamos y a recibir una copia de los mismos.<\/p>\n<p>Derecho de rectificaci\u00f3n. Tiene derecho a pedirnos que rectifiquemos los datos personales inexactos que le conciernan y a que completemos los datos personales incompletos.<\/p>\n<p>Derecho a la portabilidad de datos. Tiene derecho a recibir los datos personales que nos haya facilitado en un formato estructurado, de uso com\u00fan y lectura mec\u00e1nica. Tiene derecho a transmitir estos datos a un tercero. Cuando sea t\u00e9cnicamente factible, tiene derecho a que sus datos personales sean transmitidos directamente por nosotros a un tercero designado por usted.<\/p>\n<p>Derecho de oposici\u00f3n. Si previamente ha aceptado que sus datos personales se utilicen para otros fines distintos del registro y\/o la realizaci\u00f3n de un pedido, puede tener derecho a oponerse al uso de sus datos personales para dichos fines adicionales.<\/p>\n<p>Derecho de restricci\u00f3n. Tiene derecho a restringir el tratamiento de sus datos personales (excepto su almacenamiento) si impugna la exactitud de sus datos personales durante un periodo que nos permita verificar su exactitud; si considera que el tratamiento es ilegal y se opone a la supresi\u00f3n de los datos personales y solicita en su lugar que se restrinja su uso; si ya no necesitamos los datos personales para los fines descritos en esta Pol\u00edtica, pero usted los necesita para establecer, ejercer o defender reclamaciones legales, o si se opone al tratamiento, a la espera de que se verifique si nuestros motivos leg\u00edtimos para el tratamiento prevalecen sobre los suyos.<\/p>\n<p>Derecho al olvido. En determinadas circunstancias, como cuando retira su consentimiento, tiene derecho a pedirnos que borremos sus datos personales. Sin embargo, podemos seguir tratando sus datos personales si es necesario para cumplir una obligaci\u00f3n legal a la que estamos sujetos en virtud de la legislaci\u00f3n de los Estados miembros de la UE.<br \/>\nSi cree que se ha vulnerado su derecho, puede presentar una reclamaci\u00f3n ante una autoridad de control que opere en virtud del GDPR.<\/p>\n<p>Cambios en esta Pol\u00edtica de Privacidad<\/p>\n<p>Es posible que modifiquemos esta Pol\u00edtica, pero le avisaremos de dichos cambios. Puede acceder a la Pol\u00edtica m\u00e1s actualizada a trav\u00e9s de nuestro sitio web, en: https:\/\/docsandslides.com\/privacy-policy .<\/p>\n<p>Si no est\u00e1 de acuerdo con la Pol\u00edtica modificada, podemos cancelar su cuenta y poner fin a su uso del Servicio.<\/p>\n<p>P\u00f3ngase en contacto con nosotros<\/p>\n<p>Puede ponerse en contacto con nosotros en cualquier momento con cualquier pregunta o comentario que pueda tener con respecto a nuestro Sitio Web, en: [marketing@docsandslides.com]<\/p>\n","protected":false},"excerpt":{"rendered":"<p>Los siguientes puntos clave de la Pol\u00edtica de Privacidad s\u00f3lo se traen para su comodidad. Estos puntos clave no sustituyen a la Pol\u00edtica de Privacidad completa. docsandslides.com &#8211; POL\u00cdTICA DE PRIVACIDAD Introducci\u00f3n Bienvenido a \u00abdocsandslides.com\u00bb, una colecci\u00f3n en l\u00ednea gratuita de plantillas de Google Docs y Google Slides (el \u00abServicio\u00bb) que ofrece a empresas, dise\u00f1adores, [&hellip;]<\/p>\n","protected":false},"author":1,"featured_media":0,"parent":0,"menu_order":0,"comment_status":"closed","ping_status":"closed","template":"","meta":{"footnotes":""},"class_list":["post-20084","page","type-page","status-publish","hentry"],"acf":[],"yoast_head":"<!-- This site is optimized with the Yoast SEO plugin v26.2 - https:\/\/yoast.com\/wordpress\/plugins\/seo\/ -->\n<title>Pol\u00edtica de privacidad &#8211; Docs&amp;Slides<\/title>\n<meta name=\"description\" content=\"Lee la Pol\u00edtica de Privacidad de Docs&amp;Slides para saber c\u00f3mo protegemos tus datos y garantizamos una experiencia segura.\" \/>\n<meta name=\"robots\" content=\"index, follow, max-snippet:-1, max-image-preview:large, max-video-preview:-1\" \/>\n<link rel=\"canonical\" href=\"https:\/\/docsandslides.com\/es\/wp-json\/wp\/v2\/pages\/20084\/\" \/>\n<meta property=\"og:locale\" content=\"es_ES\" \/>\n<meta property=\"og:type\" content=\"article\" \/>\n<meta property=\"og:title\" content=\"Pol\u00edtica de privacidad &#8211; Docs&amp;Slides\" \/>\n<meta property=\"og:description\" content=\"Lee la Pol\u00edtica de Privacidad de Docs&amp;Slides para saber c\u00f3mo protegemos tus datos y garantizamos una experiencia segura.\" \/>\n<meta property=\"og:url\" content=\"https:\/\/docsandslides.com\/es\/politica-de-privacidad\/\" \/>\n<meta property=\"og:site_name\" content=\"Docs&amp;Slides\" \/>\n<meta property=\"article:modified_time\" content=\"2025-01-14T10:27:10+00:00\" \/>\n<meta name=\"twitter:card\" content=\"summary_large_image\" \/>\n<meta name=\"twitter:label1\" content=\"Tiempo de lectura\" \/>\n\t<meta name=\"twitter:data1\" content=\"13 minutos\" \/>\n<!-- \/ Yoast SEO plugin. -->","yoast_head_json":{"title":"Pol\u00edtica de privacidad &#8211; Docs&amp;Slides","description":"Lee la Pol\u00edtica de Privacidad de Docs&Slides para saber c\u00f3mo protegemos tus datos y garantizamos una experiencia segura.","robots":{"index":"index","follow":"follow","max-snippet":"max-snippet:-1","max-image-preview":"max-image-preview:large","max-video-preview":"max-video-preview:-1"},"canonical":"https:\/\/docsandslides.com\/es\/wp-json\/wp\/v2\/pages\/20084\/","og_locale":"es_ES","og_type":"article","og_title":"Pol\u00edtica de privacidad &#8211; Docs&amp;Slides","og_description":"Lee la Pol\u00edtica de Privacidad de Docs&Slides para saber c\u00f3mo protegemos tus datos y garantizamos una experiencia segura.","og_url":"https:\/\/docsandslides.com\/es\/politica-de-privacidad\/","og_site_name":"Docs&amp;Slides","article_modified_time":"2025-01-14T10:27:10+00:00","twitter_card":"summary_large_image","twitter_misc":{"Tiempo de lectura":"13 minutos"},"schema":{"@context":"https:\/\/schema.org","@graph":[{"@type":"WebPage","@id":"https:\/\/docsandslides.com\/es\/politica-de-privacidad\/","url":"https:\/\/docsandslides.com\/es\/politica-de-privacidad\/","name":"Pol\u00edtica de privacidad &#8211; Docs&amp;Slides","isPartOf":{"@id":"https:\/\/docsandslides.com\/es\/#website"},"datePublished":"2024-06-24T17:44:22+00:00","dateModified":"2025-01-14T10:27:10+00:00","description":"Lee la Pol\u00edtica de Privacidad de Docs&Slides para saber c\u00f3mo protegemos tus datos y garantizamos una experiencia segura.","breadcrumb":{"@id":"https:\/\/docsandslides.com\/es\/politica-de-privacidad\/#breadcrumb"},"inLanguage":"es","potentialAction":[{"@type":"ReadAction","target":["https:\/\/docsandslides.com\/es\/politica-de-privacidad\/"]}]},{"@type":"BreadcrumbList","@id":"https:\/\/docsandslides.com\/es\/politica-de-privacidad\/#breadcrumb","itemListElement":[{"@type":"ListItem","position":1,"name":"Home","item":"https:\/\/docsandslides.com\/es\/"},{"@type":"ListItem","position":2,"name":"Pol\u00edtica de privacidad"}]},{"@type":"WebSite","@id":"https:\/\/docsandslides.com\/es\/#website","url":"https:\/\/docsandslides.com\/es\/","name":"Docs&amp;Slides","description":"","potentialAction":[{"@type":"SearchAction","target":{"@type":"EntryPoint","urlTemplate":"https:\/\/docsandslides.com\/es\/?s={search_term_string}"},"query-input":{"@type":"PropertyValueSpecification","valueRequired":true,"valueName":"search_term_string"}}],"inLanguage":"es"}]}},"_links":{"self":[{"href":"https:\/\/docsandslides.com\/es\/wp-json\/wp\/v2\/pages\/20084","targetHints":{"allow":["GET"]}}],"collection":[{"href":"https:\/\/docsandslides.com\/es\/wp-json\/wp\/v2\/pages"}],"about":[{"href":"https:\/\/docsandslides.com\/es\/wp-json\/wp\/v2\/types\/page"}],"author":[{"embeddable":true,"href":"https:\/\/docsandslides.com\/es\/wp-json\/wp\/v2\/users\/1"}],"replies":[{"embeddable":true,"href":"https:\/\/docsandslides.com\/es\/wp-json\/wp\/v2\/comments?post=20084"}],"version-history":[{"count":1,"href":"https:\/\/docsandslides.com\/es\/wp-json\/wp\/v2\/pages\/20084\/revisions"}],"predecessor-version":[{"id":20085,"href":"https:\/\/docsandslides.com\/es\/wp-json\/wp\/v2\/pages\/20084\/revisions\/20085"}],"wp:attachment":[{"href":"https:\/\/docsandslides.com\/es\/wp-json\/wp\/v2\/media?parent=20084"}],"curies":[{"name":"wp","href":"https:\/\/api.w.org\/{rel}","templated":true}]}}