{"id":20518,"date":"2024-03-26T12:19:50","date_gmt":"2024-03-26T09:19:50","guid":{"rendered":"https:\/\/docsandslides.com\/licencia\/"},"modified":"2024-07-25T13:58:30","modified_gmt":"2024-07-25T10:58:30","slug":"licencia","status":"publish","type":"page","link":"https:\/\/docsandslides.com\/es\/licencia\/","title":{"rendered":"Licencia"},"content":{"rendered":"\n<h1 class=\"wp-block-heading\"><strong>Licencias de archivos<\/strong><\/h1>\n\n<p>Gracias por elegir Docs and Slides, proporcionado por FOP Skakovsky, con domicilio en 03049, Ucrania, Kyiv, Brullova 1-A str., app.18 (en adelante, \u00abla Empresa\u00bb, \u00abNosotros\u00bb o \u00abNos\u00bb).<\/p>\n\n<p>Proporcionamos una serie de plantillas de Google y otros contenidos (en adelante, \u00abElementos\u00bb) de forma gratuita. Todas las plantillas est\u00e1n disponibles en nuestro sitio web, <a href=\"https:\/\/docsandslides.com\/&lt;\/a&gt;.&lt;\/div&gt;\"><\/a><\/p>\n\n<p>Antes de descargar archivos gratuitos del sitio web o de adquirir una suscripci\u00f3n, lea las condiciones que se indican a continuaci\u00f3n para conocer las condiciones y los detalles espec\u00edficos de las licencias de los archivos.<\/p>\n\n<p>Todos los derechos de propiedad y de propiedad intelectual de los archivos disponibles en el sitio web nos pertenecen a nosotros, a los licenciantes o a los autores, y se le conceden bajo las siguientes licencias de archivos.<\/p>\n\n<p>Por cada archivo digital que descargue del sitio web (denominado \u00abArt\u00edculo\u00bb), nosotros o el licenciante o autor le concedemos una licencia no exclusiva, mundial y revocable para utilizar el Art\u00edculo.<\/p>\n\n<p>Estos elementos est\u00e1n protegidos por derechos de autor y\/u otras leyes aplicables. Queda prohibido cualquier uso de los elementos que no est\u00e9 autorizado en virtud de las presentes licencias de archivos y de la legislaci\u00f3n aplicable.<\/p>\n\n<p>Al ejercer cualquier derecho sobre el elemento aqu\u00ed proporcionado, usted acepta y se compromete a cumplir los t\u00e9rminos de estas licencias de archivos.<\/p>\n\n<p>Ofrecemos Licencia Gratuita.<\/p>\n\n<h2 class=\"wp-block-heading\"><strong>Licencia gratuita<\/strong><\/h2>\n\n<p>Bajo los t\u00e9rminos y condiciones de esta Licencia Gratuita, nosotros o el licenciante o autor le concedemos una licencia mundial, libre de regal\u00edas, no exclusiva, perpetua (por la duraci\u00f3n de los derechos de autor aplicables) para ejercer los derechos de:<\/p>\n\n<ul class=\"wp-block-list\">\n<li>Reproducir el Elemento, incorporar el Elemento en una o m\u00e1s colecciones, y reproducir el Elemento tal y como se incorpora en las colecciones.<\/li>\n\n\n\n<li>Crear y reproducir adaptaciones del Elemento siempre que en dichas adaptaciones se tomen medidas razonables para etiquetar, demarcar o identificar de cualquier otro modo que se han realizado cambios en el Elemento original.<\/li>\n\n\n\n<li>Representar p\u00fablicamente el Elemento, incluso cuando se incorpore a colecciones.<\/li>\n\n\n\n<li>Realizar p\u00fablicamente adaptaciones del Elemento.<\/li>\n<\/ul>\n\n<p>Al utilizar la Licencia Gratuita y ejercer los derechos especificados anteriormente, usted est\u00e1 obligado a proporcionar un enlace a los Elementos descargados del sitio web y a cualquier producto final desarrollado utilizando dichos Elementos.<\/p>\n\n<p>\u00bfC\u00f3mo hacerlo?<\/p>\n\n<ul class=\"wp-block-list\">\n<li>Si ha utilizado alguna de nuestras plantillas para la web o las redes sociales, deber\u00e1 incluir un enlace a la plantilla o al sitio web.<\/li>\n\n\n\n<li>Si ha utilizado alguna de nuestras plantillas en material impreso, debe incluir una peque\u00f1a leyenda \u00abby Docs and Slides\u00bb en dicho material impreso.<\/li>\n<\/ul>\n\n<p>Si\u00e9ntase libre de utilizar nuestros art\u00edculos tanto para proyectos personales como comerciales con modificaciones y cambios permitidos, con un enlace de atribuci\u00f3n a la p\u00e1gina web, en una p\u00e1gina web o plantilla de presentaci\u00f3n o aplicaci\u00f3n con un enlace de atribuci\u00f3n a la p\u00e1gina web.<\/p>\n\n<p>Restricciones<\/p>\n\n<p>No est\u00e1 permitido redistribuir los ARCHIVOS FUENTE de nuestras plantillas o ilustraciones, ni siquiera de forma modificada.<\/p>\n\n<p>Ejemplos de uso il\u00edcito y prohibido de los Art\u00edculos:<\/p>\n\n<ul class=\"wp-block-list\">\n<li>Ejemplo \u21161: has descargado un Art\u00edculo, lo has modificado, redistribuido y has estado vendiendo dicha modificaci\u00f3n del Art\u00edculo en una plataforma de terceros.<\/li>\n\n\n\n<li>Ejemplo \u21162: ha descargado un Elemento, ha redistribuido sus ARCHIVOS FUENTE en su sitio web con una oferta de descarga gratuita.<\/li>\n<\/ul>\n\n<p>Para blogueros y autores: si quieres utilizar nuestras im\u00e1genes de previsualizaci\u00f3n en tus colecciones y art\u00edculos, te lo agradecemos enormemente, pero recuerda enlazarnos.<\/p>\n\n<p>Si prefiere no proporcionar el enlace a nuestra plantilla, puede adquirir una suscripci\u00f3n y obtener una Licencia Premium de acuerdo con los t\u00e9rminos y condiciones establecidos a continuaci\u00f3n.<\/p>\n\n<p>Para cualquier consulta relativa a este acuerdo de licencia, p\u00f3ngase en contacto con nosotros:<\/p>\n\n<ul class=\"wp-block-list\">\n<li>Correo electr\u00f3nico: marketing@docsandslides.com<\/li>\n\n\n\n<li>Tel\u00e9fono: +380632944585<\/li>\n<\/ul>\n\n<p>Gracias por elegir Docs and Slides para sus documentos y presentaciones.<\/p>\n","protected":false},"excerpt":{"rendered":"<p>Licencias de archivos Gracias por elegir Docs and Slides, proporcionado por FOP Skakovsky, con domicilio en 03049, Ucrania, Kyiv, Brullova 1-A str., app.18 (en adelante, \u00abla Empresa\u00bb, \u00abNosotros\u00bb o \u00abNos\u00bb). Proporcionamos una serie de plantillas de Google y otros contenidos (en adelante, \u00abElementos\u00bb) de forma gratuita. Todas las plantillas est\u00e1n disponibles en nuestro sitio web, [&hellip;]<\/p>\n","protected":false},"author":1,"featured_media":0,"parent":0,"menu_order":0,"comment_status":"closed","ping_status":"closed","template":"","meta":{"footnotes":""},"class_list":["post-20518","page","type-page","status-publish","hentry"],"acf":[],"yoast_head":"<!-- This site is optimized with the Yoast SEO plugin v26.2 - https:\/\/yoast.com\/wordpress\/plugins\/seo\/ -->\n<title>Licencia &#8211; Docs&amp;Slides<\/title>\n<meta name=\"robots\" content=\"noindex, nofollow\" \/>\n<meta property=\"og:locale\" content=\"es_ES\" \/>\n<meta property=\"og:type\" content=\"article\" \/>\n<meta property=\"og:title\" content=\"Licencia &#8211; Docs&amp;Slides\" \/>\n<meta property=\"og:description\" content=\"Licencias de archivos Gracias por elegir Docs and Slides, proporcionado por FOP Skakovsky, con domicilio en 03049, Ucrania, Kyiv, Brullova 1-A str., app.18 (en adelante, \u00abla Empresa\u00bb, \u00abNosotros\u00bb o \u00abNos\u00bb). Proporcionamos una serie de plantillas de Google y otros contenidos (en adelante, \u00abElementos\u00bb) de forma gratuita. Todas las plantillas est\u00e1n disponibles en nuestro sitio web, [&hellip;]\" \/>\n<meta property=\"og:url\" content=\"https:\/\/docsandslides.com\/es\/licencia\/\" \/>\n<meta property=\"og:site_name\" content=\"Docs&amp;Slides\" \/>\n<meta property=\"article:modified_time\" content=\"2024-07-25T10:58:30+00:00\" \/>\n<meta name=\"twitter:card\" content=\"summary_large_image\" \/>\n<meta name=\"twitter:label1\" content=\"Tiempo de lectura\" \/>\n\t<meta name=\"twitter:data1\" content=\"3 minutos\" \/>\n<!-- \/ Yoast SEO plugin. -->","yoast_head_json":{"title":"Licencia &#8211; Docs&amp;Slides","robots":{"index":"noindex","follow":"nofollow"},"og_locale":"es_ES","og_type":"article","og_title":"Licencia &#8211; Docs&amp;Slides","og_description":"Licencias de archivos Gracias por elegir Docs and Slides, proporcionado por FOP Skakovsky, con domicilio en 03049, Ucrania, Kyiv, Brullova 1-A str., app.18 (en adelante, \u00abla Empresa\u00bb, \u00abNosotros\u00bb o \u00abNos\u00bb). Proporcionamos una serie de plantillas de Google y otros contenidos (en adelante, \u00abElementos\u00bb) de forma gratuita. Todas las plantillas est\u00e1n disponibles en nuestro sitio web, [&hellip;]","og_url":"https:\/\/docsandslides.com\/es\/licencia\/","og_site_name":"Docs&amp;Slides","article_modified_time":"2024-07-25T10:58:30+00:00","twitter_card":"summary_large_image","twitter_misc":{"Tiempo de lectura":"3 minutos"},"schema":{"@context":"https:\/\/schema.org","@graph":[{"@type":"WebPage","@id":"https:\/\/docsandslides.com\/es\/licencia\/","url":"https:\/\/docsandslides.com\/es\/licencia\/","name":"Licencia &#8211; Docs&amp;Slides","isPartOf":{"@id":"https:\/\/docsandslides.com\/es\/#website"},"datePublished":"2024-03-26T09:19:50+00:00","dateModified":"2024-07-25T10:58:30+00:00","breadcrumb":{"@id":"https:\/\/docsandslides.com\/es\/licencia\/#breadcrumb"},"inLanguage":"es","potentialAction":[{"@type":"ReadAction","target":["https:\/\/docsandslides.com\/es\/licencia\/"]}]},{"@type":"BreadcrumbList","@id":"https:\/\/docsandslides.com\/es\/licencia\/#breadcrumb","itemListElement":[{"@type":"ListItem","position":1,"name":"Home","item":"https:\/\/docsandslides.com\/es\/"},{"@type":"ListItem","position":2,"name":"Licencia"}]},{"@type":"WebSite","@id":"https:\/\/docsandslides.com\/es\/#website","url":"https:\/\/docsandslides.com\/es\/","name":"Docs&amp;Slides","description":"","potentialAction":[{"@type":"SearchAction","target":{"@type":"EntryPoint","urlTemplate":"https:\/\/docsandslides.com\/es\/?s={search_term_string}"},"query-input":{"@type":"PropertyValueSpecification","valueRequired":true,"valueName":"search_term_string"}}],"inLanguage":"es"}]}},"_links":{"self":[{"href":"https:\/\/docsandslides.com\/es\/wp-json\/wp\/v2\/pages\/20518","targetHints":{"allow":["GET"]}}],"collection":[{"href":"https:\/\/docsandslides.com\/es\/wp-json\/wp\/v2\/pages"}],"about":[{"href":"https:\/\/docsandslides.com\/es\/wp-json\/wp\/v2\/types\/page"}],"author":[{"embeddable":true,"href":"https:\/\/docsandslides.com\/es\/wp-json\/wp\/v2\/users\/1"}],"replies":[{"embeddable":true,"href":"https:\/\/docsandslides.com\/es\/wp-json\/wp\/v2\/comments?post=20518"}],"version-history":[{"count":1,"href":"https:\/\/docsandslides.com\/es\/wp-json\/wp\/v2\/pages\/20518\/revisions"}],"predecessor-version":[{"id":20519,"href":"https:\/\/docsandslides.com\/es\/wp-json\/wp\/v2\/pages\/20518\/revisions\/20519"}],"wp:attachment":[{"href":"https:\/\/docsandslides.com\/es\/wp-json\/wp\/v2\/media?parent=20518"}],"curies":[{"name":"wp","href":"https:\/\/api.w.org\/{rel}","templated":true}]}}