{"id":20891,"date":"2024-08-08T14:14:18","date_gmt":"2024-08-08T11:14:18","guid":{"rendered":"https:\/\/docsandslides.com\/?page_id=20891"},"modified":"2025-07-22T10:22:46","modified_gmt":"2025-07-22T07:22:46","slug":"blog","status":"publish","type":"page","link":"https:\/\/docsandslides.com\/es\/blog\/","title":{"rendered":"El Blog de Documentos y Presentaciones"},"content":{"rendered":"\t\t\t\t","protected":false},"excerpt":{"rendered":"","protected":false},"author":1,"featured_media":0,"parent":0,"menu_order":0,"comment_status":"closed","ping_status":"closed","template":"","meta":{"footnotes":""},"class_list":["post-20891","page","type-page","status-publish","hentry"],"acf":[],"yoast_head":"<!-- This site is optimized with the Yoast SEO plugin v26.2 - https:\/\/yoast.com\/wordpress\/plugins\/seo\/ -->\n<title>El Blog de Documentos y Presentaciones &#8211; Docs&amp;Slides<\/title>\n<meta name=\"description\" content=\"En nuestro blog, puedes encontrar plantillas de Google Docs y Google Slides de alta calidad y las mejores. Si no sabes cu\u00e1l plantilla es la mejor para ti o c\u00f3mo usarlas correctamente, definitivamente encontrar\u00e1s informaci\u00f3n sobre todo en este sitio.\" \/>\n<meta name=\"robots\" content=\"index, follow, max-snippet:-1, max-image-preview:large, max-video-preview:-1\" \/>\n<link rel=\"canonical\" href=\"https:\/\/docsandslides.com\/es\/wp-json\/wp\/v2\/pages\/20891\/\" \/>\n<meta property=\"og:locale\" content=\"es_ES\" \/>\n<meta property=\"og:type\" content=\"article\" \/>\n<meta property=\"og:title\" content=\"El Blog de Documentos y Presentaciones &#8211; Docs&amp;Slides\" \/>\n<meta property=\"og:description\" content=\"En nuestro blog, puedes encontrar plantillas de Google Docs y Google Slides de alta calidad y las mejores. Si no sabes cu\u00e1l plantilla es la mejor para ti o c\u00f3mo usarlas correctamente, definitivamente encontrar\u00e1s informaci\u00f3n sobre todo en este sitio.\" \/>\n<meta property=\"og:url\" content=\"https:\/\/docsandslides.com\/es\/blog\/\" \/>\n<meta property=\"og:site_name\" content=\"Docs&amp;Slides\" \/>\n<meta property=\"article:modified_time\" content=\"2025-07-22T07:22:46+00:00\" \/>\n<meta name=\"twitter:card\" content=\"summary_large_image\" \/>\n<!-- \/ Yoast SEO plugin. -->","yoast_head_json":{"title":"El Blog de Documentos y Presentaciones &#8211; Docs&amp;Slides","description":"En nuestro blog, puedes encontrar plantillas de Google Docs y Google Slides de alta calidad y las mejores. Si no sabes cu\u00e1l plantilla es la mejor para ti o c\u00f3mo usarlas correctamente, definitivamente encontrar\u00e1s informaci\u00f3n sobre todo en este sitio.","robots":{"index":"index","follow":"follow","max-snippet":"max-snippet:-1","max-image-preview":"max-image-preview:large","max-video-preview":"max-video-preview:-1"},"canonical":"https:\/\/docsandslides.com\/es\/wp-json\/wp\/v2\/pages\/20891\/","og_locale":"es_ES","og_type":"article","og_title":"El Blog de Documentos y Presentaciones &#8211; Docs&amp;Slides","og_description":"En nuestro blog, puedes encontrar plantillas de Google Docs y Google Slides de alta calidad y las mejores. Si no sabes cu\u00e1l plantilla es la mejor para ti o c\u00f3mo usarlas correctamente, definitivamente encontrar\u00e1s informaci\u00f3n sobre todo en este sitio.","og_url":"https:\/\/docsandslides.com\/es\/blog\/","og_site_name":"Docs&amp;Slides","article_modified_time":"2025-07-22T07:22:46+00:00","twitter_card":"summary_large_image","schema":{"@context":"https:\/\/schema.org","@graph":[{"@type":"WebPage","@id":"https:\/\/docsandslides.com\/es\/blog\/","url":"https:\/\/docsandslides.com\/es\/blog\/","name":"El Blog de Documentos y Presentaciones &#8211; Docs&amp;Slides","isPartOf":{"@id":"https:\/\/docsandslides.com\/es\/#website"},"datePublished":"2024-08-08T11:14:18+00:00","dateModified":"2025-07-22T07:22:46+00:00","description":"En nuestro blog, puedes encontrar plantillas de Google Docs y Google Slides de alta calidad y las mejores. Si no sabes cu\u00e1l plantilla es la mejor para ti o c\u00f3mo usarlas correctamente, definitivamente encontrar\u00e1s informaci\u00f3n sobre todo en este sitio.","breadcrumb":{"@id":"https:\/\/docsandslides.com\/es\/blog\/#breadcrumb"},"inLanguage":"es","potentialAction":[{"@type":"ReadAction","target":["https:\/\/docsandslides.com\/es\/blog\/"]}]},{"@type":"BreadcrumbList","@id":"https:\/\/docsandslides.com\/es\/blog\/#breadcrumb","itemListElement":[{"@type":"ListItem","position":1,"name":"Home","item":"https:\/\/docsandslides.com\/es\/"},{"@type":"ListItem","position":2,"name":"El Blog de Documentos y Presentaciones"}]},{"@type":"WebSite","@id":"https:\/\/docsandslides.com\/es\/#website","url":"https:\/\/docsandslides.com\/es\/","name":"Docs&amp;Slides","description":"","potentialAction":[{"@type":"SearchAction","target":{"@type":"EntryPoint","urlTemplate":"https:\/\/docsandslides.com\/es\/?s={search_term_string}"},"query-input":{"@type":"PropertyValueSpecification","valueRequired":true,"valueName":"search_term_string"}}],"inLanguage":"es"}]}},"_links":{"self":[{"href":"https:\/\/docsandslides.com\/es\/wp-json\/wp\/v2\/pages\/20891","targetHints":{"allow":["GET"]}}],"collection":[{"href":"https:\/\/docsandslides.com\/es\/wp-json\/wp\/v2\/pages"}],"about":[{"href":"https:\/\/docsandslides.com\/es\/wp-json\/wp\/v2\/types\/page"}],"author":[{"embeddable":true,"href":"https:\/\/docsandslides.com\/es\/wp-json\/wp\/v2\/users\/1"}],"replies":[{"embeddable":true,"href":"https:\/\/docsandslides.com\/es\/wp-json\/wp\/v2\/comments?post=20891"}],"version-history":[{"count":3,"href":"https:\/\/docsandslides.com\/es\/wp-json\/wp\/v2\/pages\/20891\/revisions"}],"predecessor-version":[{"id":31665,"href":"https:\/\/docsandslides.com\/es\/wp-json\/wp\/v2\/pages\/20891\/revisions\/31665"}],"wp:attachment":[{"href":"https:\/\/docsandslides.com\/es\/wp-json\/wp\/v2\/media?parent=20891"}],"curies":[{"name":"wp","href":"https:\/\/api.w.org\/{rel}","templated":true}]}}