{"id":21316,"date":"2024-08-27T11:47:38","date_gmt":"2024-08-27T08:47:38","guid":{"rendered":"https:\/\/docsandslides.com\/team-page\/"},"modified":"2025-01-14T13:24:09","modified_gmt":"2025-01-14T10:24:09","slug":"team","status":"publish","type":"page","link":"https:\/\/docsandslides.com\/es\/team\/","title":{"rendered":"Nuestro equipo"},"content":{"rendered":"\n<p><\/p>\n\n\n\n<p>En DocsAndSlides.com nos dedicamos a transformar la forma en que particulares y empresas crean, comparten y gestionan documentos y presentaciones en l\u00ednea. Nuestro equipo est\u00e1 impulsado por el objetivo de hacer la colaboraci\u00f3n m\u00e1s simple, m\u00e1s eficaz y universalmente accesible.<\/p>\n","protected":false},"excerpt":{"rendered":"<p>En DocsAndSlides.com nos dedicamos a transformar la forma en que particulares y empresas crean, comparten y gestionan documentos y presentaciones en l\u00ednea. Nuestro equipo est\u00e1 impulsado por el objetivo de hacer la colaboraci\u00f3n m\u00e1s simple, m\u00e1s eficaz y universalmente accesible.<\/p>\n","protected":false},"author":1,"featured_media":0,"parent":0,"menu_order":0,"comment_status":"closed","ping_status":"closed","template":"","meta":{"footnotes":""},"class_list":["post-21316","page","type-page","status-publish","hentry"],"acf":[],"yoast_head":"<!-- This site is optimized with the Yoast SEO plugin v26.2 - https:\/\/yoast.com\/wordpress\/plugins\/seo\/ -->\n<title>Nuestro equipo &#8211; Docs&amp;Slides<\/title>\n<meta name=\"description\" content=\"Conoce al equipo de Docs&amp;Slides. Profesionales dedicados a ofrecer soluciones innovadoras para documentos y presentaciones.\" \/>\n<meta name=\"robots\" content=\"index, follow, max-snippet:-1, max-image-preview:large, max-video-preview:-1\" \/>\n<link rel=\"canonical\" href=\"https:\/\/docsandslides.com\/es\/wp-json\/wp\/v2\/pages\/21316\/\" \/>\n<meta property=\"og:locale\" content=\"es_ES\" \/>\n<meta property=\"og:type\" content=\"article\" \/>\n<meta property=\"og:title\" content=\"Nuestro equipo &#8211; Docs&amp;Slides\" \/>\n<meta property=\"og:description\" content=\"Conoce al equipo de Docs&amp;Slides. Profesionales dedicados a ofrecer soluciones innovadoras para documentos y presentaciones.\" \/>\n<meta property=\"og:url\" content=\"https:\/\/docsandslides.com\/es\/team\/\" \/>\n<meta property=\"og:site_name\" content=\"Docs&amp;Slides\" \/>\n<meta property=\"article:modified_time\" content=\"2025-01-14T10:24:09+00:00\" \/>\n<meta name=\"twitter:card\" content=\"summary_large_image\" \/>\n<!-- \/ Yoast SEO plugin. -->","yoast_head_json":{"title":"Nuestro equipo &#8211; Docs&amp;Slides","description":"Conoce al equipo de Docs&Slides. Profesionales dedicados a ofrecer soluciones innovadoras para documentos y presentaciones.","robots":{"index":"index","follow":"follow","max-snippet":"max-snippet:-1","max-image-preview":"max-image-preview:large","max-video-preview":"max-video-preview:-1"},"canonical":"https:\/\/docsandslides.com\/es\/wp-json\/wp\/v2\/pages\/21316\/","og_locale":"es_ES","og_type":"article","og_title":"Nuestro equipo &#8211; Docs&amp;Slides","og_description":"Conoce al equipo de Docs&Slides. Profesionales dedicados a ofrecer soluciones innovadoras para documentos y presentaciones.","og_url":"https:\/\/docsandslides.com\/es\/team\/","og_site_name":"Docs&amp;Slides","article_modified_time":"2025-01-14T10:24:09+00:00","twitter_card":"summary_large_image","schema":{"@context":"https:\/\/schema.org","@graph":[{"@type":"WebPage","@id":"https:\/\/docsandslides.com\/es\/team\/","url":"https:\/\/docsandslides.com\/es\/team\/","name":"Nuestro equipo &#8211; Docs&amp;Slides","isPartOf":{"@id":"https:\/\/docsandslides.com\/es\/#website"},"datePublished":"2024-08-27T08:47:38+00:00","dateModified":"2025-01-14T10:24:09+00:00","description":"Conoce al equipo de Docs&Slides. Profesionales dedicados a ofrecer soluciones innovadoras para documentos y presentaciones.","breadcrumb":{"@id":"https:\/\/docsandslides.com\/es\/team\/#breadcrumb"},"inLanguage":"es","potentialAction":[{"@type":"ReadAction","target":["https:\/\/docsandslides.com\/es\/team\/"]}]},{"@type":"BreadcrumbList","@id":"https:\/\/docsandslides.com\/es\/team\/#breadcrumb","itemListElement":[{"@type":"ListItem","position":1,"name":"Home","item":"https:\/\/docsandslides.com\/es\/"},{"@type":"ListItem","position":2,"name":"Nuestro equipo"}]},{"@type":"WebSite","@id":"https:\/\/docsandslides.com\/es\/#website","url":"https:\/\/docsandslides.com\/es\/","name":"Docs&amp;Slides","description":"","potentialAction":[{"@type":"SearchAction","target":{"@type":"EntryPoint","urlTemplate":"https:\/\/docsandslides.com\/es\/?s={search_term_string}"},"query-input":{"@type":"PropertyValueSpecification","valueRequired":true,"valueName":"search_term_string"}}],"inLanguage":"es"}]}},"_links":{"self":[{"href":"https:\/\/docsandslides.com\/es\/wp-json\/wp\/v2\/pages\/21316","targetHints":{"allow":["GET"]}}],"collection":[{"href":"https:\/\/docsandslides.com\/es\/wp-json\/wp\/v2\/pages"}],"about":[{"href":"https:\/\/docsandslides.com\/es\/wp-json\/wp\/v2\/types\/page"}],"author":[{"embeddable":true,"href":"https:\/\/docsandslides.com\/es\/wp-json\/wp\/v2\/users\/1"}],"replies":[{"embeddable":true,"href":"https:\/\/docsandslides.com\/es\/wp-json\/wp\/v2\/comments?post=21316"}],"version-history":[{"count":2,"href":"https:\/\/docsandslides.com\/es\/wp-json\/wp\/v2\/pages\/21316\/revisions"}],"predecessor-version":[{"id":21321,"href":"https:\/\/docsandslides.com\/es\/wp-json\/wp\/v2\/pages\/21316\/revisions\/21321"}],"wp:attachment":[{"href":"https:\/\/docsandslides.com\/es\/wp-json\/wp\/v2\/media?parent=21316"}],"curies":[{"name":"wp","href":"https:\/\/api.w.org\/{rel}","templated":true}]}}